{"id":212,"date":"2022-10-24T17:34:07","date_gmt":"2022-10-24T15:34:07","guid":{"rendered":"https:\/\/www.hotelbelalp.com\/?page_id=212"},"modified":"2025-02-07T20:54:32","modified_gmt":"2025-02-07T19:54:32","slug":"hotel-spa-portes-du-soleil","status":"publish","type":"page","link":"https:\/\/www.hotelbelalp.com\/de\/hotel-spa-portes-du-soleil\/","title":{"rendered":"Entspannungsbereich"},"content":{"rendered":"<div data-elementor-type=\"wp-page\" data-elementor-id=\"212\" class=\"elementor elementor-212\" data-elementor-post-type=\"page\">\n\t\t\t\t\t\t<section class=\"elementor-section elementor-top-section elementor-element elementor-element-25e9fcf7 elementor-section-full_width elementor-section-height-min-height elementor-section-content-middle elementor-section-height-default elementor-section-items-middle\" data-id=\"25e9fcf7\" data-element_type=\"section\" data-e-type=\"section\" data-settings=\"{&quot;background_background&quot;:&quot;classic&quot;}\">\n\t\t\t\t\t\t<div class=\"elementor-container elementor-column-gap-default\">\n\t\t\t\t\t<div class=\"elementor-column elementor-col-100 elementor-top-column elementor-element elementor-element-18000ada\" data-id=\"18000ada\" data-element_type=\"column\" data-e-type=\"column\">\n\t\t\t<div class=\"elementor-widget-wrap\">\n\t\t\t\t\t\t\t<\/div>\n\t\t<\/div>\n\t\t\t\t\t<\/div>\n\t\t<\/section>\n\t\t<div class=\"elementor-element elementor-element-66da810 e-flex e-con-boxed e-con e-parent\" data-id=\"66da810\" data-element_type=\"container\" data-e-type=\"container\">\n\t\t\t\t\t<div class=\"e-con-inner\">\n\t\t\t\t<div class=\"elementor-element elementor-element-1bd8642 elementor-widget elementor-widget-heading\" data-id=\"1bd8642\" data-element_type=\"widget\" data-e-type=\"widget\" data-widget_type=\"heading.default\">\n\t\t\t\t<div class=\"elementor-widget-container\">\n\t\t\t\t\t<h2 class=\"elementor-heading-title elementor-size-default\">- ENTSPANNUNGSBEREICH -<\/h2>\t\t\t\t<\/div>\n\t\t\t\t<\/div>\n\t\t\t\t\t<\/div>\n\t\t\t\t<\/div>\n\t\t\t\t<section class=\"elementor-section elementor-top-section elementor-element elementor-element-64553b32 elementor-reverse-tablet elementor-section-boxed elementor-section-height-default elementor-section-height-default\" data-id=\"64553b32\" data-element_type=\"section\" data-e-type=\"section\">\n\t\t\t\t\t\t<div class=\"elementor-container elementor-column-gap-default\">\n\t\t\t\t\t<div class=\"elementor-column elementor-col-50 elementor-top-column elementor-element elementor-element-72465c97 elementor-invisible\" data-id=\"72465c97\" data-element_type=\"column\" data-e-type=\"column\" data-settings=\"{&quot;animation&quot;:&quot;fadeInLeft&quot;}\">\n\t\t\t<div class=\"elementor-widget-wrap elementor-element-populated\">\n\t\t\t\t\t\t<div class=\"elementor-element elementor-element-319e176d elementor-widget elementor-widget-heading\" data-id=\"319e176d\" data-element_type=\"widget\" data-e-type=\"widget\" data-widget_type=\"heading.default\">\n\t\t\t\t<div class=\"elementor-widget-container\">\n\t\t\t\t\t<h2 class=\"elementor-heading-title elementor-size-default\">NUTZEN SIE DEN WELLNESSBEREICH DES HOTELS<\/h2>\t\t\t\t<\/div>\n\t\t\t\t<\/div>\n\t\t\t\t<div class=\"elementor-element elementor-element-5c93626c elementor-widget elementor-widget-text-editor\" data-id=\"5c93626c\" data-element_type=\"widget\" data-e-type=\"widget\" data-widget_type=\"text-editor.default\">\n\t\t\t\t<div class=\"elementor-widget-container\">\n\t\t\t\t\t\t\t\t\t<p>IM HERZEN DER SONNENTORE<\/p>\t\t\t\t\t\t\t\t<\/div>\n\t\t\t\t<\/div>\n\t\t\t\t<div class=\"elementor-element elementor-element-112d96b elementor-widget elementor-widget-text-editor\" data-id=\"112d96b\" data-element_type=\"widget\" data-e-type=\"widget\" data-widget_type=\"text-editor.default\">\n\t\t\t\t<div class=\"elementor-widget-container\">\n\t\t\t\t\t\t\t\t\t<p>Was gibt es Sch\u00f6neres, als sich nach einem Tag auf der Skipiste oder beim Wandern in der Ruhe eines Spas zu entspannen? Das Hotel Belalp in Ch\u00e2tel l\u00e4dt Sie ein, diese Erfahrung in seinem Entspannungsbereich zu genie\u00dfen. Es bietet Ihnen die M\u00f6glichkeit, die Wohltaten der trockenen Hitze der Sauna oder der feuchten Hitze des Hammams zu nutzen. Um das Gef\u00fchl des Wohlbefindens zu verl\u00e4ngern, l\u00e4dt Sie unser Sprudelbad zu einer Reise ins Herz der Berge ein.<\/p><p>Hinter seinen gro\u00dfen Glasfenstern enth\u00fcllt unser Spa eine au\u00dfergew\u00f6hnliche Kulisse: das sch\u00f6ne Tal von Abondance und die Berge, die es \u00fcberragen. So k\u00f6nnen Sie sich schon einmal vorstellen, wie Ihr n\u00e4chster Tag aussehen wird!<\/p>\t\t\t\t\t\t\t\t<\/div>\n\t\t\t\t<\/div>\n\t\t\t\t\t<\/div>\n\t\t<\/div>\n\t\t\t\t<div class=\"elementor-column elementor-col-50 elementor-top-column elementor-element elementor-element-a899ed6 elementor-invisible\" data-id=\"a899ed6\" data-element_type=\"column\" data-e-type=\"column\" data-settings=\"{&quot;animation&quot;:&quot;fadeInRight&quot;}\">\n\t\t\t<div class=\"elementor-widget-wrap elementor-element-populated\">\n\t\t\t\t\t\t<div class=\"elementor-element elementor-element-30538683 elementor-widget elementor-widget-spacer\" data-id=\"30538683\" data-element_type=\"widget\" data-e-type=\"widget\" data-widget_type=\"spacer.default\">\n\t\t\t\t<div class=\"elementor-widget-container\">\n\t\t\t\t\t\t\t<div class=\"elementor-spacer\">\n\t\t\t<div class=\"elementor-spacer-inner\"><\/div>\n\t\t<\/div>\n\t\t\t\t\t\t<\/div>\n\t\t\t\t<\/div>\n\t\t\t\t\t<\/div>\n\t\t<\/div>\n\t\t\t\t\t<\/div>\n\t\t<\/section>\n\t\t\t\t<section class=\"elementor-section elementor-top-section elementor-element elementor-element-76273285 elementor-section-boxed elementor-section-height-default elementor-section-height-default\" data-id=\"76273285\" data-element_type=\"section\" data-e-type=\"section\" data-settings=\"{&quot;background_background&quot;:&quot;classic&quot;}\">\n\t\t\t\t\t\t<div class=\"elementor-container elementor-column-gap-default\">\n\t\t\t\t\t<div class=\"elementor-column elementor-col-50 elementor-top-column elementor-element elementor-element-7033d6a9\" data-id=\"7033d6a9\" data-element_type=\"column\" data-e-type=\"column\">\n\t\t\t<div class=\"elementor-widget-wrap elementor-element-populated\">\n\t\t\t\t\t\t<div class=\"elementor-element elementor-element-7f4d9abb elementor-position-top elementor-invisible elementor-widget elementor-widget-image-box\" data-id=\"7f4d9abb\" data-element_type=\"widget\" data-e-type=\"widget\" data-settings=\"{&quot;_animation&quot;:&quot;fadeInUp&quot;}\" data-widget_type=\"image-box.default\">\n\t\t\t\t<div class=\"elementor-widget-container\">\n\t\t\t\t\t<div class=\"elementor-image-box-wrapper\"><figure class=\"elementor-image-box-img\"><img fetchpriority=\"high\" decoding=\"async\" width=\"2048\" height=\"1365\" src=\"https:\/\/www.hotelbelalp.com\/wp-content\/uploads\/2022\/10\/112210-7-104-C.jpg\" class=\"attachment-full size-full wp-image-350\" alt=\"Foto -\" srcset=\"https:\/\/www.hotelbelalp.com\/wp-content\/uploads\/2022\/10\/112210-7-104-C.jpg 2048w, https:\/\/www.hotelbelalp.com\/wp-content\/uploads\/2022\/10\/112210-7-104-C-300x200.jpg 300w, https:\/\/www.hotelbelalp.com\/wp-content\/uploads\/2022\/10\/112210-7-104-C-1024x683.jpg 1024w, https:\/\/www.hotelbelalp.com\/wp-content\/uploads\/2022\/10\/112210-7-104-C-768x512.jpg 768w, https:\/\/www.hotelbelalp.com\/wp-content\/uploads\/2022\/10\/112210-7-104-C-1536x1024.jpg 1536w, https:\/\/www.hotelbelalp.com\/wp-content\/uploads\/2022\/10\/112210-7-104-C-18x12.jpg 18w\" sizes=\"(max-width: 2048px) 100vw, 2048px\" \/><\/figure><div class=\"elementor-image-box-content\"><h3 class=\"elementor-image-box-title\">SAUNA - SPRUDELBAD - DAMPFBAD<\/h3><p class=\"elementor-image-box-description\">ZUGANG UND \u00d6FFNUNGSZEITEN DES SPAS<br><br>Der Spa- und Entspannungsbereich befindet sich im Erdgeschoss unseres Chalets und ist f\u00fcr unsere Hotelg\u00e4ste kostenlos zug\u00e4nglich. Er empf\u00e4ngt Sie von 16:00 bis 20:00 Uhr zu entspannenden Sauna-, Dampfbad- oder Sprudelbadsitzungen.<\/p><\/div><\/div>\t\t\t\t<\/div>\n\t\t\t\t<\/div>\n\t\t\t\t\t<\/div>\n\t\t<\/div>\n\t\t\t\t<div class=\"elementor-column elementor-col-50 elementor-top-column elementor-element elementor-element-25a408e3 elementor-invisible\" data-id=\"25a408e3\" data-element_type=\"column\" data-e-type=\"column\" data-settings=\"{&quot;animation&quot;:&quot;fadeInDown&quot;}\">\n\t\t\t<div class=\"elementor-widget-wrap elementor-element-populated\">\n\t\t\t\t\t\t<div class=\"elementor-element elementor-element-66d15577 elementor-position-top elementor-widget elementor-widget-image-box\" data-id=\"66d15577\" data-element_type=\"widget\" data-e-type=\"widget\" data-widget_type=\"image-box.default\">\n\t\t\t\t<div class=\"elementor-widget-container\">\n\t\t\t\t\t<div class=\"elementor-image-box-wrapper\"><figure class=\"elementor-image-box-img\"><img decoding=\"async\" width=\"2048\" height=\"1365\" src=\"https:\/\/www.hotelbelalp.com\/wp-content\/uploads\/2022\/10\/112210-7-061-C.jpg\" class=\"attachment-full size-full wp-image-347\" alt=\"Foto -\" srcset=\"https:\/\/www.hotelbelalp.com\/wp-content\/uploads\/2022\/10\/112210-7-061-C.jpg 2048w, https:\/\/www.hotelbelalp.com\/wp-content\/uploads\/2022\/10\/112210-7-061-C-300x200.jpg 300w, https:\/\/www.hotelbelalp.com\/wp-content\/uploads\/2022\/10\/112210-7-061-C-1024x683.jpg 1024w, https:\/\/www.hotelbelalp.com\/wp-content\/uploads\/2022\/10\/112210-7-061-C-768x512.jpg 768w, https:\/\/www.hotelbelalp.com\/wp-content\/uploads\/2022\/10\/112210-7-061-C-1536x1024.jpg 1536w, https:\/\/www.hotelbelalp.com\/wp-content\/uploads\/2022\/10\/112210-7-061-C-18x12.jpg 18w\" sizes=\"(max-width: 2048px) 100vw, 2048px\" \/><\/figure><div class=\"elementor-image-box-content\"><h3 class=\"elementor-image-box-title\">DAS WOHNZIMMER &amp; DIE BAR<\/h3><p class=\"elementor-image-box-description\">ENTSPANNUNGSPAUSE F\u00dcR ALLE!<br><br>Unser Hotel bietet Ihnen weitere R\u00e4umlichkeiten, in denen Sie Ihren Aufenthalt in vollen Z\u00fcgen genie\u00dfen k\u00f6nnen. In der Bar und im Salon k\u00f6nnen Sie in einer gem\u00fctlichen Atmosph\u00e4re die Freuden des Tages teilen, Ihre Aktivit\u00e4ten f\u00fcr den n\u00e4chsten Tag vorbereiten, lesen oder mit der Familie oder mit Freunden ein Glas trinken.<\/p><\/div><\/div>\t\t\t\t<\/div>\n\t\t\t\t<\/div>\n\t\t\t\t\t<\/div>\n\t\t<\/div>\n\t\t\t\t\t<\/div>\n\t\t<\/section>\n\t\t\t\t<section class=\"elementor-section elementor-top-section elementor-element elementor-element-2526f87 elementor-section-full_width elementor-section-height-default elementor-section-height-default\" data-id=\"2526f87\" data-element_type=\"section\" data-e-type=\"section\">\n\t\t\t\t\t\t<div class=\"elementor-container elementor-column-gap-default\">\n\t\t\t\t\t<div class=\"elementor-column elementor-col-33 elementor-top-column elementor-element elementor-element-f336260\" data-id=\"f336260\" data-element_type=\"column\" data-e-type=\"column\">\n\t\t\t<div class=\"elementor-widget-wrap elementor-element-populated\">\n\t\t\t\t\t<div class=\"elementor-background-overlay\"><\/div>\n\t\t\t\t\t\t<div class=\"elementor-element elementor-element-0484d3a elementor-cta--skin-cover elementor-animated-content elementor-bg-transform elementor-bg-transform-zoom-in elementor-widget elementor-widget-call-to-action\" data-id=\"0484d3a\" data-element_type=\"widget\" data-e-type=\"widget\" data-widget_type=\"call-to-action.default\">\n\t\t\t\t<div class=\"elementor-widget-container\">\n\t\t\t\t\t\t\t<a class=\"elementor-cta\" href=\"https:\/\/www.hotelbelalp.com\/de\/hotel-de-charme-chatel\/\" target=\"_blank\">\n\t\t\t\t\t<div class=\"elementor-cta__bg-wrapper\">\n\t\t\t\t<div class=\"elementor-cta__bg elementor-bg\" style=\"background-image: url(https:\/\/www.hotelbelalp.com\/wp-content\/uploads\/2022\/10\/twin-rue-2-1024x683.jpg);\" role=\"img\" aria-label=\"Twin Street (2)\"><\/div>\n\t\t\t\t<div class=\"elementor-cta__bg-overlay\"><\/div>\n\t\t\t<\/div>\n\t\t\t\t\t\t\t<div class=\"elementor-cta__content\">\n\t\t\t\t\n\t\t\t\t\t\t\t\t\t<span class=\"elementor-cta__title elementor-cta__content-item elementor-content-item elementor-animated-item--grow\">\n\t\t\t\t\t\tZimmer\t\t\t\t\t<\/span>\n\t\t\t\t\n\t\t\t\t\n\t\t\t\t\t\t\t\t\t<div class=\"elementor-cta__button-wrapper elementor-cta__content-item elementor-content-item elementor-animated-item--grow\">\n\t\t\t\t\t<span class=\"elementor-cta__button elementor-button elementor-size-\">\n\t\t\t\t\t\tMehr erfahren\t\t\t\t\t<\/span>\n\t\t\t\t\t<\/div>\n\t\t\t\t\t\t\t<\/div>\n\t\t\t\t\t\t<\/a>\n\t\t\t\t\t\t<\/div>\n\t\t\t\t<\/div>\n\t\t\t\t\t<\/div>\n\t\t<\/div>\n\t\t\t\t<div class=\"elementor-column elementor-col-33 elementor-top-column elementor-element elementor-element-47c1596\" data-id=\"47c1596\" data-element_type=\"column\" data-e-type=\"column\">\n\t\t\t<div class=\"elementor-widget-wrap elementor-element-populated\">\n\t\t\t\t\t<div class=\"elementor-background-overlay\"><\/div>\n\t\t\t\t\t\t<div class=\"elementor-element elementor-element-4934ec1 elementor-cta--skin-cover elementor-animated-content elementor-bg-transform elementor-bg-transform-zoom-in elementor-widget elementor-widget-call-to-action\" data-id=\"4934ec1\" data-element_type=\"widget\" data-e-type=\"widget\" data-widget_type=\"call-to-action.default\">\n\t\t\t\t<div class=\"elementor-widget-container\">\n\t\t\t\t\t\t\t<a class=\"elementor-cta\" href=\"https:\/\/www.hotelbelalp.com\/de\/activites\/\">\n\t\t\t\t\t<div class=\"elementor-cta__bg-wrapper\">\n\t\t\t\t<div class=\"elementor-cta__bg elementor-bg\" style=\"background-image: url(https:\/\/www.hotelbelalp.com\/wp-content\/uploads\/2022\/10\/ThinkstockPhotos-497220666-1024x682.jpg);\" role=\"img\" aria-label=\"Abend \u00fcber Chatel, einem franz\u00f6sischen Dorf in den Alps Mountains\"><\/div>\n\t\t\t\t<div class=\"elementor-cta__bg-overlay\"><\/div>\n\t\t\t<\/div>\n\t\t\t\t\t\t\t<div class=\"elementor-cta__content\">\n\t\t\t\t\n\t\t\t\t\t\t\t\t\t<span class=\"elementor-cta__title elementor-cta__content-item elementor-content-item elementor-animated-item--grow\">\n\t\t\t\t\t\tAktivit\u00e4ten\t\t\t\t\t<\/span>\n\t\t\t\t\n\t\t\t\t\n\t\t\t\t\t\t\t\t\t<div class=\"elementor-cta__button-wrapper elementor-cta__content-item elementor-content-item elementor-animated-item--grow\">\n\t\t\t\t\t<span class=\"elementor-cta__button elementor-button elementor-size-\">\n\t\t\t\t\t\tMehr erfahren\t\t\t\t\t<\/span>\n\t\t\t\t\t<\/div>\n\t\t\t\t\t\t\t<\/div>\n\t\t\t\t\t\t<\/a>\n\t\t\t\t\t\t<\/div>\n\t\t\t\t<\/div>\n\t\t\t\t\t<\/div>\n\t\t<\/div>\n\t\t\t\t<div class=\"elementor-column elementor-col-33 elementor-top-column elementor-element elementor-element-6c7838c\" data-id=\"6c7838c\" data-element_type=\"column\" data-e-type=\"column\">\n\t\t\t<div class=\"elementor-widget-wrap elementor-element-populated\">\n\t\t\t\t\t<div class=\"elementor-background-overlay\"><\/div>\n\t\t\t\t\t\t<div class=\"elementor-element elementor-element-d20a57e elementor-cta--skin-cover elementor-animated-content elementor-bg-transform elementor-bg-transform-zoom-in elementor-widget elementor-widget-call-to-action\" data-id=\"d20a57e\" data-element_type=\"widget\" data-e-type=\"widget\" data-widget_type=\"call-to-action.default\">\n\t\t\t\t<div class=\"elementor-widget-container\">\n\t\t\t\t\t\t\t<a class=\"elementor-cta\" href=\"https:\/\/www.hotelbelalp.com\/de\/tourisme-a-chatel\/\">\n\t\t\t\t\t<div class=\"elementor-cta__bg-wrapper\">\n\t\t\t\t<div class=\"elementor-cta__bg elementor-bg\" style=\"background-image: url(https:\/\/www.hotelbelalp.com\/wp-content\/uploads\/2022\/10\/hotel-belalp-06-1024x683.jpg);\" role=\"img\" aria-label=\"hotel-belalp-06\"><\/div>\n\t\t\t\t<div class=\"elementor-cta__bg-overlay\"><\/div>\n\t\t\t<\/div>\n\t\t\t\t\t\t\t<div class=\"elementor-cta__content\">\n\t\t\t\t\n\t\t\t\t\t\t\t\t\t<span class=\"elementor-cta__title elementor-cta__content-item elementor-content-item elementor-animated-item--grow\">\n\t\t\t\t\t\tTourismus\t\t\t\t\t<\/span>\n\t\t\t\t\n\t\t\t\t\n\t\t\t\t\t\t\t\t\t<div class=\"elementor-cta__button-wrapper elementor-cta__content-item elementor-content-item elementor-animated-item--grow\">\n\t\t\t\t\t<span class=\"elementor-cta__button elementor-button elementor-size-\">\n\t\t\t\t\t\tMehr erfahren\t\t\t\t\t<\/span>\n\t\t\t\t\t<\/div>\n\t\t\t\t\t\t\t<\/div>\n\t\t\t\t\t\t<\/a>\n\t\t\t\t\t\t<\/div>\n\t\t\t\t<\/div>\n\t\t\t\t\t<\/div>\n\t\t<\/div>\n\t\t\t\t\t<\/div>\n\t\t<\/section>\n\t\t\t\t<\/div>","protected":false},"excerpt":{"rendered":"<p>&#8211; ESPACE D\u00c9TENTE &#8211; PROFITEZ DE L&rsquo;ESPACE SPA DE L&rsquo;H\u00d4TEL AU C\u0152UR DES PORTES DU SOLEIL Quoi de plus agr\u00e9able, apr\u00e8s une journ\u00e9e de ski ou de randonn\u00e9e, que de se relaxer dans la qui\u00e9tude du spa ? L\u2019H\u00f4tel Belalp \u00e0 Ch\u00e2tel vous invite \u00e0 savourer cette exp\u00e9rience au sein de son espace d\u00e9tente. il [&hellip;]<\/p>\n","protected":false},"author":12,"featured_media":0,"parent":0,"menu_order":0,"comment_status":"closed","ping_status":"closed","template":"","meta":{"inline_featured_image":false,"footnotes":""},"class_list":["post-212","page","type-page","status-publish","hentry"],"_links":{"self":[{"href":"https:\/\/www.hotelbelalp.com\/de\/wp-json\/wp\/v2\/pages\/212","targetHints":{"allow":["GET"]}}],"collection":[{"href":"https:\/\/www.hotelbelalp.com\/de\/wp-json\/wp\/v2\/pages"}],"about":[{"href":"https:\/\/www.hotelbelalp.com\/de\/wp-json\/wp\/v2\/types\/page"}],"author":[{"embeddable":true,"href":"https:\/\/www.hotelbelalp.com\/de\/wp-json\/wp\/v2\/users\/12"}],"replies":[{"embeddable":true,"href":"https:\/\/www.hotelbelalp.com\/de\/wp-json\/wp\/v2\/comments?post=212"}],"version-history":[{"count":76,"href":"https:\/\/www.hotelbelalp.com\/de\/wp-json\/wp\/v2\/pages\/212\/revisions"}],"predecessor-version":[{"id":1939,"href":"https:\/\/www.hotelbelalp.com\/de\/wp-json\/wp\/v2\/pages\/212\/revisions\/1939"}],"wp:attachment":[{"href":"https:\/\/www.hotelbelalp.com\/de\/wp-json\/wp\/v2\/media?parent=212"}],"curies":[{"name":"wp","href":"https:\/\/api.w.org\/{rel}","templated":true}]}}