{"id":686,"date":"2022-11-02T15:51:54","date_gmt":"2022-11-02T14:51:54","guid":{"rendered":"https:\/\/www.hotelbelalp.com\/?page_id=686"},"modified":"2022-11-21T16:37:07","modified_gmt":"2022-11-21T15:37:07","slug":"info-hotel-chatel","status":"publish","type":"page","link":"https:\/\/www.hotelbelalp.com\/de\/info-hotel-chatel\/","title":{"rendered":"Weitere Informationen"},"content":{"rendered":"<div data-elementor-type=\"wp-page\" data-elementor-id=\"686\" class=\"elementor elementor-686\" data-elementor-post-type=\"page\">\n\t\t\t\t\t\t<section class=\"elementor-section elementor-top-section elementor-element elementor-element-4a452258 elementor-section-full_width elementor-section-height-min-height elementor-section-content-middle elementor-section-height-default elementor-section-items-middle\" data-id=\"4a452258\" data-element_type=\"section\" data-e-type=\"section\" data-settings=\"{&quot;background_background&quot;:&quot;classic&quot;}\">\n\t\t\t\t\t\t<div class=\"elementor-container elementor-column-gap-default\">\n\t\t\t\t\t<div class=\"elementor-column elementor-col-100 elementor-top-column elementor-element elementor-element-2d09baed\" data-id=\"2d09baed\" data-element_type=\"column\" data-e-type=\"column\">\n\t\t\t<div class=\"elementor-widget-wrap\">\n\t\t\t\t\t\t\t<\/div>\n\t\t<\/div>\n\t\t\t\t\t<\/div>\n\t\t<\/section>\n\t\t\t\t<section class=\"elementor-section elementor-top-section elementor-element elementor-element-508ee5dc elementor-section-content-middle elementor-section-boxed elementor-section-height-default elementor-section-height-default\" data-id=\"508ee5dc\" data-element_type=\"section\" data-e-type=\"section\">\n\t\t\t\t\t\t<div class=\"elementor-container elementor-column-gap-default\">\n\t\t\t\t\t<div class=\"elementor-column elementor-col-100 elementor-top-column elementor-element elementor-element-42f77178\" data-id=\"42f77178\" data-element_type=\"column\" data-e-type=\"column\">\n\t\t\t<div class=\"elementor-widget-wrap elementor-element-populated\">\n\t\t\t\t\t\t<div class=\"elementor-element elementor-element-49a7b121 elementor-widget elementor-widget-heading\" data-id=\"49a7b121\" data-element_type=\"widget\" data-e-type=\"widget\" data-widget_type=\"heading.default\">\n\t\t\t\t<div class=\"elementor-widget-container\">\n\t\t\t\t\t<h2 class=\"elementor-heading-title elementor-size-default\">WEITERE INFORMATIONEN \u00dcBER UNSER HOTEL CHATEL\n<\/h2>\t\t\t\t<\/div>\n\t\t\t\t<\/div>\n\t\t\t\t<div class=\"elementor-element elementor-element-613d817e elementor-widget elementor-widget-text-editor\" data-id=\"613d817e\" data-element_type=\"widget\" data-e-type=\"widget\" data-widget_type=\"text-editor.default\">\n\t\t\t\t<div class=\"elementor-widget-container\">\n\t\t\t\t\t\t\t\t\t<p>WAS K\u00d6NNEN SIE W\u00c4HREND IHRES AUFENTHALTS IN UNSEREM HOTEL ALPE D'HUEZ TUN?<\/p>\t\t\t\t\t\t\t\t<\/div>\n\t\t\t\t<\/div>\n\t\t\t\t\t<\/div>\n\t\t<\/div>\n\t\t\t\t\t<\/div>\n\t\t<\/section>\n\t\t\t\t<section class=\"elementor-section elementor-top-section elementor-element elementor-element-71e3163 elementor-section-content-middle elementor-section-boxed elementor-section-height-default elementor-section-height-default\" data-id=\"71e3163\" data-element_type=\"section\" data-e-type=\"section\">\n\t\t\t\t\t\t<div class=\"elementor-container elementor-column-gap-default\">\n\t\t\t\t\t<div class=\"elementor-column elementor-col-100 elementor-top-column elementor-element elementor-element-310fe1a\" data-id=\"310fe1a\" data-element_type=\"column\" data-e-type=\"column\">\n\t\t\t<div class=\"elementor-widget-wrap elementor-element-populated\">\n\t\t\t\t\t\t<div class=\"elementor-element elementor-element-cd6b5cc elementor-widget elementor-widget-text-editor\" data-id=\"cd6b5cc\" data-element_type=\"widget\" data-e-type=\"widget\" data-widget_type=\"text-editor.default\">\n\t\t\t\t<div class=\"elementor-widget-container\">\n\t\t\t\t\t\t\t\t\t<p>Ob man im Winter auf den Skipisten unterwegs ist oder im Sommer durch unsere sch\u00f6nen Berge streift, Chatel ist f\u00fcr seinen herzlichen Empfang von Touristen bekannt. Viele kommen wegen des Winter- und Sommersports, aber auch, um sich in diesem Naturparadies zu entspannen. Was gibt es Besseres, um sich zu beleben, als die klare Luft? Was gibt es Besseres, um sich zu entspannen, als eine majest\u00e4tische Landschaft? Zwischen Bergen, Seen und Reinheit ist Chatel bereit, Sie zu empfangen... Aber unser Hotel ist es noch mehr! Lassen Sie uns Ihnen weitere Informationen \u00fcber unser Hotel Chatel geben!<\/p><p>Sie werden entdecken k\u00f6nnen: die Lage unseres Hotels, was unser Hotel anbietet, was man in der N\u00e4he unseres Hotels finden kann, aber auch die gro\u00dfe Auswahl an Wanderungen, die wir anbieten!<\/p>\t\t\t\t\t\t\t\t<\/div>\n\t\t\t\t<\/div>\n\t\t\t\t<div class=\"elementor-element elementor-element-3601991 elementor-widget elementor-widget-heading\" data-id=\"3601991\" data-element_type=\"widget\" data-e-type=\"widget\" data-widget_type=\"heading.default\">\n\t\t\t\t<div class=\"elementor-widget-container\">\n\t\t\t\t\t<h2 class=\"elementor-heading-title elementor-size-default\">WO BEFINDET SICH UNSER HOTEL CHATEL?<\/h2>\t\t\t\t<\/div>\n\t\t\t\t<\/div>\n\t\t\t\t<div class=\"elementor-element elementor-element-2659768 elementor-widget elementor-widget-text-editor\" data-id=\"2659768\" data-element_type=\"widget\" data-e-type=\"widget\" data-widget_type=\"text-editor.default\">\n\t\t\t\t<div class=\"elementor-widget-container\">\n\t\t\t\t\t\t\t\t\t<p>Unser Hotel befindet sich <a href=\"https:\/\/www.hotelbelalp.com\/de\/hotel-3-sterne-chatel-contact\/\">382 route de Vonnes (74390) in Chatel<\/a> ! Es befindet sich ganz einfach im Herzen unseres Dorfes mit etwas mehr als 1200 Einwohnern.<\/p>\t\t\t\t\t\t\t\t<\/div>\n\t\t\t\t<\/div>\n\t\t\t\t<div class=\"elementor-element elementor-element-048d747 elementor-widget elementor-widget-heading\" data-id=\"048d747\" data-element_type=\"widget\" data-e-type=\"widget\" data-widget_type=\"heading.default\">\n\t\t\t\t<div class=\"elementor-widget-container\">\n\t\t\t\t\t<h2 class=\"elementor-heading-title elementor-size-default\">WAS BIETET UNSER HOTEL CHATEL?<\/h2>\t\t\t\t<\/div>\n\t\t\t\t<\/div>\n\t\t\t\t<div class=\"elementor-element elementor-element-0e6ea02 elementor-widget elementor-widget-text-editor\" data-id=\"0e6ea02\" data-element_type=\"widget\" data-e-type=\"widget\" data-widget_type=\"text-editor.default\">\n\t\t\t\t<div class=\"elementor-widget-container\">\n\t\t\t\t\t\t\t\t\t<p>Wir m\u00f6chten, dass sich unsere G\u00e4ste rundum wohlf\u00fchlen. Aus diesem Grund haben wir einen <a href=\"https:\/\/www.hotelbelalp.com\/de\/hotel-spa-portes-du-soleil\/\">pr\u00e4chtiges Spa<\/a> in unserem Hotel Chatel, damit Sie sich nach einem sportlichen Tag entspannen k\u00f6nnen! Ja, nach einem Tag auf der Skipiste oder beim Wandern ist das Einzige, was man sich w\u00fcnscht, sich zu entspannen. Da trifft es sich gut, dass das Spa genau daf\u00fcr da ist!<\/p><p>Dar\u00fcber hinaus bieten wir <a href=\"https:\/\/www.hotelbelalp.com\/de\/charmantes-hotel-chatel\/\">25 Zimmer<\/a>Sie sind mit einem Aufzug erreichbar. Egal, ob Sie allein, mit Freunden oder der Familie unterwegs sind, unser Hotel ist bereit, Sie zu beherbergen und Ihnen die Kunst des Chalet-Lebens in den Bergen zu zeigen. Selbstverst\u00e4ndlich sind WiFi und Parkpl\u00e4tze kostenlos!<\/p><p>Welches Zimmer w\u00e4hlen Sie? Ein Einzelzimmer? Ein Doppelzimmer ? Mit Panoramablick ? Mit Blick auf die Stra\u00dfe ? Duplex ? Sie finden die besten garantierten Preise von unserem <a href=\"https:\/\/www.hotelbelalp.com\/de\/\">Hotel Chatel<\/a> !<\/p>\t\t\t\t\t\t\t\t<\/div>\n\t\t\t\t<\/div>\n\t\t\t\t<div class=\"elementor-element elementor-element-01fd39f elementor-widget elementor-widget-heading\" data-id=\"01fd39f\" data-element_type=\"widget\" data-e-type=\"widget\" data-widget_type=\"heading.default\">\n\t\t\t\t<div class=\"elementor-widget-container\">\n\t\t\t\t\t<h2 class=\"elementor-heading-title elementor-size-default\">WAS FINDET MAN IN DER N\u00c4HE DES HOTELS CHATEL?<\/h2>\t\t\t\t<\/div>\n\t\t\t\t<\/div>\n\t\t\t\t<div class=\"elementor-element elementor-element-d5c7ad1 elementor-widget elementor-widget-text-editor\" data-id=\"d5c7ad1\" data-element_type=\"widget\" data-e-type=\"widget\" data-widget_type=\"text-editor.default\">\n\t\t\t\t<div class=\"elementor-widget-container\">\n\t\t\t\t\t\t\t\t\t<p>In der N\u00e4he des Hotels finden Sie zahlreiche Aktivit\u00e4ten! Wie w\u00e4re es als Erstes mit einem Besuch der pr\u00e4chtigen Stra\u00dfen von Chatel? Das <a href=\"https:\/\/www.hotelbelalp.com\/de\/village-chatel-haute-savoie\/\">Naturerbe von Chatel<\/a> ist von allergr\u00f6\u00dfter Sch\u00f6nheit! Man muss sich nur den Lac de Vonnes oder den Col de Bassachaux ansehen. Im Winter wird Sie dieser traditionelle Wintersportort im Alpenmassiv Chablais mit seiner grandiosen Lage im Herzen des wundersch\u00f6nen Tals von Abondance gegen\u00fcber dem Mont de Grange (2433 m) verzaubern. Einige Kilometer weiter finden Sie den wundersch\u00f6nen Genfersee, der nicht mehr und nicht weniger als der gr\u00f6\u00dfte S\u00fc\u00dfwassersee Europas ist!<\/p>\t\t\t\t\t\t\t\t<\/div>\n\t\t\t\t<\/div>\n\t\t\t\t<div class=\"elementor-element elementor-element-892dcb2 elementor-widget elementor-widget-heading\" data-id=\"892dcb2\" data-element_type=\"widget\" data-e-type=\"widget\" data-widget_type=\"heading.default\">\n\t\t\t\t<div class=\"elementor-widget-container\">\n\t\t\t\t\t<h3 class=\"elementor-heading-title elementor-size-default\">Wie steht es dann mit den Wanderungen von unserem Hotel Chatel aus?<\/h3>\t\t\t\t<\/div>\n\t\t\t\t<\/div>\n\t\t\t\t<div class=\"elementor-element elementor-element-5e891ce elementor-widget elementor-widget-text-editor\" data-id=\"5e891ce\" data-element_type=\"widget\" data-e-type=\"widget\" data-widget_type=\"text-editor.default\">\n\t\t\t\t<div class=\"elementor-widget-container\">\n\t\t\t\t\t\t\t\t\t<p>Unser Hotel Chatel bietet Ihnen eine <a href=\"https:\/\/www.hotelbelalp.com\/de\/aktivitaten\/\">Wanderung im Herzen eines Natura-2000-Gebiets<\/a>. Das Tal von Abondance enth\u00fcllt eine Vielzahl von Wegen f\u00fcr Wanderer! Ob Sie nun mit dem Fahrrad, den Skiliften oder zu Fu\u00df unterwegs sind, Sie werden sich in die wunderbare Flora unserer Region verlieben!<\/p><p>Wir hoffen, dass wir Sie \u00fcber unser Hotel Chatel informieren konnten und Sie bald bei uns begr\u00fc\u00dfen d\u00fcrfen! Unsere wundersch\u00f6ne Region und wir freuen uns auf Sie!<\/p>\t\t\t\t\t\t\t\t<\/div>\n\t\t\t\t<\/div>\n\t\t\t\t\t<\/div>\n\t\t<\/div>\n\t\t\t\t\t<\/div>\n\t\t<\/section>\n\t\t\t\t<\/div>","protected":false},"excerpt":{"rendered":"<p>PLUS D&rsquo;INFORMATIONS SUR NOTRE H\u00d4TEL CHATEL QUE FAIRE LORS DE VOTRE S\u00c9JOUR DANS NOTRE HOTEL ALPE D&rsquo;HUEZ ? Que ce soit pour sillonner les pistes de ski en hiver, ou pour arpenter nos belles montagnes en \u00e9t\u00e9, Chatel est r\u00e9put\u00e9 pour son accueil chaleureux des touristes. Beaucoup viennent pour les sports d\u2019hiver et d\u2019\u00e9t\u00e9, mais [&hellip;]<\/p>\n","protected":false},"author":12,"featured_media":0,"parent":0,"menu_order":0,"comment_status":"closed","ping_status":"closed","template":"","meta":{"inline_featured_image":false,"footnotes":""},"class_list":["post-686","page","type-page","status-publish","hentry"],"_links":{"self":[{"href":"https:\/\/www.hotelbelalp.com\/de\/wp-json\/wp\/v2\/pages\/686","targetHints":{"allow":["GET"]}}],"collection":[{"href":"https:\/\/www.hotelbelalp.com\/de\/wp-json\/wp\/v2\/pages"}],"about":[{"href":"https:\/\/www.hotelbelalp.com\/de\/wp-json\/wp\/v2\/types\/page"}],"author":[{"embeddable":true,"href":"https:\/\/www.hotelbelalp.com\/de\/wp-json\/wp\/v2\/users\/12"}],"replies":[{"embeddable":true,"href":"https:\/\/www.hotelbelalp.com\/de\/wp-json\/wp\/v2\/comments?post=686"}],"version-history":[{"count":19,"href":"https:\/\/www.hotelbelalp.com\/de\/wp-json\/wp\/v2\/pages\/686\/revisions"}],"predecessor-version":[{"id":1130,"href":"https:\/\/www.hotelbelalp.com\/de\/wp-json\/wp\/v2\/pages\/686\/revisions\/1130"}],"wp:attachment":[{"href":"https:\/\/www.hotelbelalp.com\/de\/wp-json\/wp\/v2\/media?parent=686"}],"curies":[{"name":"wp","href":"https:\/\/api.w.org\/{rel}","templated":true}]}}