{"id":691,"date":"2022-11-02T16:01:33","date_gmt":"2022-11-02T15:01:33","guid":{"rendered":"https:\/\/www.hotelbelalp.com\/?page_id=691"},"modified":"2025-02-08T16:14:39","modified_gmt":"2025-02-08T15:14:39","slug":"aktivitaten-hotel-super-chatel","status":"publish","type":"page","link":"https:\/\/www.hotelbelalp.com\/de\/activites-hotel-super-chatel\/","title":{"rendered":"Aktivit\u00e4ten in Chatel"},"content":{"rendered":"<div data-elementor-type=\"wp-page\" data-elementor-id=\"691\" class=\"elementor elementor-691\" data-elementor-post-type=\"page\">\n\t\t\t\t\t\t<section class=\"elementor-section elementor-top-section elementor-element elementor-element-6379e6c0 elementor-section-full_width elementor-section-height-min-height elementor-section-content-middle elementor-section-height-default elementor-section-items-middle\" data-id=\"6379e6c0\" data-element_type=\"section\" data-e-type=\"section\" data-settings=\"{&quot;background_background&quot;:&quot;classic&quot;}\">\n\t\t\t\t\t\t<div class=\"elementor-container elementor-column-gap-default\">\n\t\t\t\t\t<div class=\"elementor-column elementor-col-100 elementor-top-column elementor-element elementor-element-5313877f\" data-id=\"5313877f\" data-element_type=\"column\" data-e-type=\"column\">\n\t\t\t<div class=\"elementor-widget-wrap\">\n\t\t\t\t\t\t\t<\/div>\n\t\t<\/div>\n\t\t\t\t\t<\/div>\n\t\t<\/section>\n\t\t<div class=\"elementor-element elementor-element-556deef e-flex e-con-boxed e-con e-parent\" data-id=\"556deef\" data-element_type=\"container\" data-e-type=\"container\">\n\t\t\t\t\t<div class=\"e-con-inner\">\n\t\t\t\t<div class=\"elementor-element elementor-element-1a32447 elementor-widget elementor-widget-heading\" data-id=\"1a32447\" data-element_type=\"widget\" data-e-type=\"widget\" data-widget_type=\"heading.default\">\n\t\t\t\t<div class=\"elementor-widget-container\">\n\t\t\t\t\t<h2 class=\"elementor-heading-title elementor-size-default\">- IN DER N\u00c4HE -<\/h2>\t\t\t\t<\/div>\n\t\t\t\t<\/div>\n\t\t\t\t\t<\/div>\n\t\t\t\t<\/div>\n\t\t\t\t<section class=\"elementor-section elementor-top-section elementor-element elementor-element-20a310a5 elementor-section-content-middle elementor-section-boxed elementor-section-height-default elementor-section-height-default\" data-id=\"20a310a5\" data-element_type=\"section\" data-e-type=\"section\">\n\t\t\t\t\t\t<div class=\"elementor-container elementor-column-gap-default\">\n\t\t\t\t\t<div class=\"elementor-column elementor-col-100 elementor-top-column elementor-element elementor-element-7233250e\" data-id=\"7233250e\" data-element_type=\"column\" data-e-type=\"column\">\n\t\t\t<div class=\"elementor-widget-wrap elementor-element-populated\">\n\t\t\t\t\t\t<div class=\"elementor-element elementor-element-6544c6a7 elementor-widget elementor-widget-heading\" data-id=\"6544c6a7\" data-element_type=\"widget\" data-e-type=\"widget\" data-widget_type=\"heading.default\">\n\t\t\t\t<div class=\"elementor-widget-container\">\n\t\t\t\t\t<h2 class=\"elementor-heading-title elementor-size-default\">LA CHAPELLE D'ABONDANCE, ABONDANCE, DER GENFERSEE, DIE SCHWEIZ<\/h2>\t\t\t\t<\/div>\n\t\t\t\t<\/div>\n\t\t\t\t<div class=\"elementor-element elementor-element-45743944 elementor-widget elementor-widget-text-editor\" data-id=\"45743944\" data-element_type=\"widget\" data-e-type=\"widget\" data-widget_type=\"text-editor.default\">\n\t\t\t\t<div class=\"elementor-widget-container\">\n\t\t\t\t\t\t\t\t\t<p>DAS HOTEL IST DER IDEALE AUSGANGSPUNKT, UM DIE UMGEBUNG ZU ERKUNDEN.<\/p>\t\t\t\t\t\t\t\t<\/div>\n\t\t\t\t<\/div>\n\t\t\t\t\t<\/div>\n\t\t<\/div>\n\t\t\t\t\t<\/div>\n\t\t<\/section>\n\t\t\t\t<section class=\"elementor-section elementor-top-section elementor-element elementor-element-6d6c9804 elementor-section-boxed elementor-section-height-default elementor-section-height-default\" data-id=\"6d6c9804\" data-element_type=\"section\" data-e-type=\"section\">\n\t\t\t\t\t\t<div class=\"elementor-container elementor-column-gap-default\">\n\t\t\t\t\t<div class=\"elementor-column elementor-col-50 elementor-top-column elementor-element elementor-element-31e3970c\" data-id=\"31e3970c\" data-element_type=\"column\" data-e-type=\"column\">\n\t\t\t<div class=\"elementor-widget-wrap elementor-element-populated\">\n\t\t\t\t\t\t<div class=\"elementor-element elementor-element-fefdbca elementor-widget elementor-widget-spacer\" data-id=\"fefdbca\" data-element_type=\"widget\" data-e-type=\"widget\" data-widget_type=\"spacer.default\">\n\t\t\t\t<div class=\"elementor-widget-container\">\n\t\t\t\t\t\t\t<div class=\"elementor-spacer\">\n\t\t\t<div class=\"elementor-spacer-inner\"><\/div>\n\t\t<\/div>\n\t\t\t\t\t\t<\/div>\n\t\t\t\t<\/div>\n\t\t\t\t\t<\/div>\n\t\t<\/div>\n\t\t\t\t<div class=\"elementor-column elementor-col-50 elementor-top-column elementor-element elementor-element-47bfaef2\" data-id=\"47bfaef2\" data-element_type=\"column\" data-e-type=\"column\">\n\t\t\t<div class=\"elementor-widget-wrap elementor-element-populated\">\n\t\t\t\t\t\t<div class=\"elementor-element elementor-element-22811ac9 elementor-widget elementor-widget-text-editor\" data-id=\"22811ac9\" data-element_type=\"widget\" data-e-type=\"widget\" data-widget_type=\"text-editor.default\">\n\t\t\t\t<div class=\"elementor-widget-container\">\n\t\t\t\t\t\t\t\t\t<p>Nutzen Sie Ihren Aufenthalt in unserem Hotel, um die unumg\u00e4nglichen Ziele in der Umgebung zu entdecken! Nachdem Sie durch die Stra\u00dfen von Ch\u00e2tel geschlendert sind und die Sch\u00f6nheit seines Naturerbes entdeckt haben (Super Ch\u00e2tel, Lac de Vonnes, Col de Bassachaux), fahren Sie nach La Chapelle d'Abondance. Dieser traditionelle Ort im Alpenmassiv Chablais wird Sie mit seiner grandiosen Lage im Herzen des wundersch\u00f6nen Tals von Abondance, gegen\u00fcber dem Mont de Grange (2433 m), verzaubern. Er wird Sie auch mit seiner Gastronomie und seinen zahlreichen Restaurants begeistern, in denen der ber\u00fchmte Abondance-K\u00e4se nat\u00fcrlich seinen Platz findet. Auf dem Wanderweg \"Fen\u00eatre sur plaine\" (Fenster auf die Ebene) k\u00f6nnen Sie in und um das Dorf herum wandern, um seine zahlreichen Facetten zu entdecken. Er f\u00fchrt Sie auch auf den Weg am Ufer der Dranse, wo Sie die friedliche Atmosph\u00e4re des Flusses genie\u00dfen und angeln k\u00f6nnen oder zu Fu\u00df und inmitten der Natur Ch\u00e2tel und Abondance erreichen k\u00f6nnen. Abondance und seine Geschichte, seine Abtei, seine Weiler, seine Kapellen, eine Vielzahl von Dingen, die es zu entdecken gibt. Nach einigen M\u00e4andern und mehreren Kilometern f\u00fchrt Sie dieser reizvolle Gebirgsfluss zu einem weiteren magischen Ort der Region, da er in den Genfersee m\u00fcndet.<\/p>\t\t\t\t\t\t\t\t<\/div>\n\t\t\t\t<\/div>\n\t\t\t\t\t<\/div>\n\t\t<\/div>\n\t\t\t\t\t<\/div>\n\t\t<\/section>\n\t\t\t\t<section class=\"elementor-section elementor-top-section elementor-element elementor-element-ed166e3 elementor-reverse-tablet elementor-reverse-mobile elementor-section-boxed elementor-section-height-default elementor-section-height-default\" data-id=\"ed166e3\" data-element_type=\"section\" data-e-type=\"section\">\n\t\t\t\t\t\t<div class=\"elementor-container elementor-column-gap-default\">\n\t\t\t\t\t<div class=\"elementor-column elementor-col-50 elementor-top-column elementor-element elementor-element-2a9177e\" data-id=\"2a9177e\" data-element_type=\"column\" data-e-type=\"column\">\n\t\t\t<div class=\"elementor-widget-wrap elementor-element-populated\">\n\t\t\t\t\t\t<div class=\"elementor-element elementor-element-d76940c elementor-widget elementor-widget-text-editor\" data-id=\"d76940c\" data-element_type=\"widget\" data-e-type=\"widget\" data-widget_type=\"text-editor.default\">\n\t\t\t\t<div class=\"elementor-widget-container\">\n\t\t\t\t\t\t\t\t\tDer gr\u00f6\u00dfte S\u00fc\u00dfwassersee Europas strahlt eine ungew\u00f6hnlich romantische Atmosph\u00e4re aus. Am Fu\u00dfe der Alpen bietet er grandiose Landschaften, deren Nuancen sich im Laufe der Stunden ver\u00e4ndern. Um seine 167 km langen Ufer in vollen Z\u00fcgen zu genie\u00dfen, gibt es nichts Besseres, als eine Kreuzfahrt auf seinen Gew\u00e4ssern zu unternehmen. Sie k\u00f6nnen den Genfer See aber auch von Land aus genie\u00dfen, indem Sie die St\u00e4dte besuchen, die an seinem Ufer liegen. Fahren Sie zum Beispiel nach \u00c9vian-les-Bains und genie\u00dfen Sie den Charme dieses sch\u00f6nen Kurortes mit seinen alten Pal\u00e4sten, seinem Kasino, seinem Strand und seinem Jachthafen. Wenn Sie einen Ausflug in die Schweiz machen m\u00f6chten, erreichen Sie Genf mit seinem sanften Lebensstil. Vor Ort sollten Sie sich die Altstadt mit ihren Sch\u00e4tzen, das B\u00e4derviertel, den Palais des Nations, den ber\u00fchmten Jet d'eau und die zahlreichen Museen nicht entgehen lassen. Auch das Kulturelle wird nicht vergessen mit der Fondation Gianadda in Martigny oder der Fondation de l'Hermitage in Lausanne im Herzen der Schweizer Riviera. Die Stadt Montreux und das Schloss Chillon sind ebenfalls ein Muss bei einem Besuch in unserer Region.\n\nWir sind auch da, um Sie bei der Suche nach Wanderungen, Spazierg\u00e4ngen oder Ausfl\u00fcgen in der Region zu unterst\u00fctzen. Z\u00f6gern Sie nicht, uns zu befragen!\t\t\t\t\t\t\t\t<\/div>\n\t\t\t\t<\/div>\n\t\t\t\t\t<\/div>\n\t\t<\/div>\n\t\t\t\t<div class=\"elementor-column elementor-col-50 elementor-top-column elementor-element elementor-element-41918de\" data-id=\"41918de\" data-element_type=\"column\" data-e-type=\"column\">\n\t\t\t<div class=\"elementor-widget-wrap elementor-element-populated\">\n\t\t\t\t\t\t<div class=\"elementor-element elementor-element-9b66bc6 elementor-widget elementor-widget-spacer\" data-id=\"9b66bc6\" data-element_type=\"widget\" data-e-type=\"widget\" data-widget_type=\"spacer.default\">\n\t\t\t\t<div class=\"elementor-widget-container\">\n\t\t\t\t\t\t\t<div class=\"elementor-spacer\">\n\t\t\t<div class=\"elementor-spacer-inner\"><\/div>\n\t\t<\/div>\n\t\t\t\t\t\t<\/div>\n\t\t\t\t<\/div>\n\t\t\t\t\t<\/div>\n\t\t<\/div>\n\t\t\t\t\t<\/div>\n\t\t<\/section>\n\t\t\t\t<section class=\"elementor-section elementor-top-section elementor-element elementor-element-553ddf1c elementor-section-full_width elementor-section-height-default elementor-section-height-default\" data-id=\"553ddf1c\" data-element_type=\"section\" data-e-type=\"section\">\n\t\t\t\t\t\t<div class=\"elementor-container elementor-column-gap-default\">\n\t\t\t\t\t<div class=\"elementor-column elementor-col-33 elementor-top-column elementor-element elementor-element-74c3c186\" data-id=\"74c3c186\" data-element_type=\"column\" data-e-type=\"column\" data-settings=\"{&quot;background_background&quot;:&quot;classic&quot;}\">\n\t\t\t<div class=\"elementor-widget-wrap elementor-element-populated\">\n\t\t\t\t\t<div class=\"elementor-background-overlay\"><\/div>\n\t\t\t\t\t\t<div class=\"elementor-element elementor-element-53f3e7be elementor-widget elementor-widget-heading\" data-id=\"53f3e7be\" data-element_type=\"widget\" data-e-type=\"widget\" data-widget_type=\"heading.default\">\n\t\t\t\t<div class=\"elementor-widget-container\">\n\t\t\t\t\t<h2 class=\"elementor-heading-title elementor-size-default\">CH\u00c2TEL<\/h2>\t\t\t\t<\/div>\n\t\t\t\t<\/div>\n\t\t\t\t<div class=\"elementor-element elementor-element-45450fe1 elementor-align-center elementor-widget elementor-widget-button\" data-id=\"45450fe1\" data-element_type=\"widget\" data-e-type=\"widget\" data-widget_type=\"button.default\">\n\t\t\t\t<div class=\"elementor-widget-container\">\n\t\t\t\t\t\t\t\t\t<div class=\"elementor-button-wrapper\">\n\t\t\t\t\t<a class=\"elementor-button elementor-button-link elementor-size-xs elementor-animation-grow\" href=\"https:\/\/www.hotelbelalp.com\/de\/tourisme-a-chatel\/\">\n\t\t\t\t\t\t<span class=\"elementor-button-content-wrapper\">\n\t\t\t\t\t\t\t\t\t<span class=\"elementor-button-text\">Mehr erfahren<\/span>\n\t\t\t\t\t<\/span>\n\t\t\t\t\t<\/a>\n\t\t\t\t<\/div>\n\t\t\t\t\t\t\t\t<\/div>\n\t\t\t\t<\/div>\n\t\t\t\t\t<\/div>\n\t\t<\/div>\n\t\t\t\t<div class=\"elementor-column elementor-col-33 elementor-top-column elementor-element elementor-element-51a91ca4\" data-id=\"51a91ca4\" data-element_type=\"column\" data-e-type=\"column\" data-settings=\"{&quot;background_background&quot;:&quot;classic&quot;}\">\n\t\t\t<div class=\"elementor-widget-wrap elementor-element-populated\">\n\t\t\t\t\t<div class=\"elementor-background-overlay\"><\/div>\n\t\t\t\t\t\t<div class=\"elementor-element elementor-element-6da58cd3 elementor-widget elementor-widget-heading\" data-id=\"6da58cd3\" data-element_type=\"widget\" data-e-type=\"widget\" data-widget_type=\"heading.default\">\n\t\t\t\t<div class=\"elementor-widget-container\">\n\t\t\t\t\t<h2 class=\"elementor-heading-title elementor-size-default\">DIE TORE DER SONNE<\/h2>\t\t\t\t<\/div>\n\t\t\t\t<\/div>\n\t\t\t\t<div class=\"elementor-element elementor-element-49e184e1 elementor-align-center elementor-widget elementor-widget-button\" data-id=\"49e184e1\" data-element_type=\"widget\" data-e-type=\"widget\" data-widget_type=\"button.default\">\n\t\t\t\t<div class=\"elementor-widget-container\">\n\t\t\t\t\t\t\t\t\t<div class=\"elementor-button-wrapper\">\n\t\t\t\t\t<a class=\"elementor-button elementor-button-link elementor-size-xs elementor-animation-grow\" href=\"https:\/\/www.hotelbelalp.com\/de\/domaine-skiable-portes-du-soleil\/\">\n\t\t\t\t\t\t<span class=\"elementor-button-content-wrapper\">\n\t\t\t\t\t\t\t\t\t<span class=\"elementor-button-text\">Mehr erfahren<\/span>\n\t\t\t\t\t<\/span>\n\t\t\t\t\t<\/a>\n\t\t\t\t<\/div>\n\t\t\t\t\t\t\t\t<\/div>\n\t\t\t\t<\/div>\n\t\t\t\t\t<\/div>\n\t\t<\/div>\n\t\t\t\t<div class=\"elementor-column elementor-col-33 elementor-top-column elementor-element elementor-element-47755b00\" data-id=\"47755b00\" data-element_type=\"column\" data-e-type=\"column\" data-settings=\"{&quot;background_background&quot;:&quot;classic&quot;}\">\n\t\t\t<div class=\"elementor-widget-wrap elementor-element-populated\">\n\t\t\t\t\t<div class=\"elementor-background-overlay\"><\/div>\n\t\t\t\t\t\t<div class=\"elementor-element elementor-element-7fb28fa8 elementor-widget elementor-widget-heading\" data-id=\"7fb28fa8\" data-element_type=\"widget\" data-e-type=\"widget\" data-widget_type=\"heading.default\">\n\t\t\t\t<div class=\"elementor-widget-container\">\n\t\t\t\t\t<h2 class=\"elementor-heading-title elementor-size-default\">IM SOMMER<\/h2>\t\t\t\t<\/div>\n\t\t\t\t<\/div>\n\t\t\t\t<div class=\"elementor-element elementor-element-57333913 elementor-align-center elementor-widget elementor-widget-button\" data-id=\"57333913\" data-element_type=\"widget\" data-e-type=\"widget\" data-widget_type=\"button.default\">\n\t\t\t\t<div class=\"elementor-widget-container\">\n\t\t\t\t\t\t\t\t\t<div class=\"elementor-button-wrapper\">\n\t\t\t\t\t<a class=\"elementor-button elementor-button-link elementor-size-xs elementor-animation-grow\" href=\"https:\/\/www.hotelbelalp.com\/de\/en-ete\/\">\n\t\t\t\t\t\t<span class=\"elementor-button-content-wrapper\">\n\t\t\t\t\t\t\t\t\t<span class=\"elementor-button-text\">Mehr erfahren<\/span>\n\t\t\t\t\t<\/span>\n\t\t\t\t\t<\/a>\n\t\t\t\t<\/div>\n\t\t\t\t\t\t\t\t<\/div>\n\t\t\t\t<\/div>\n\t\t\t\t\t<\/div>\n\t\t<\/div>\n\t\t\t\t\t<\/div>\n\t\t<\/section>\n\t\t\t\t<\/div>","protected":false},"excerpt":{"rendered":"<p>&#8211; \u00c0 PROXIMIT\u00c9 &#8211; LA CHAPELLE D\u2019ABONDANCE, ABONDANCE, LE LAC L\u00c9MAN, LA SUISSE L\u2019H\u00d4TEL EST LE POINT DE D\u00c9PART ID\u00c9AL POUR VISITER LES ALENTOURS. Profitez de votre s\u00e9jour dans notre h\u00f4tel pour d\u00e9couvrir les destinations incontournables des environs ! Apr\u00e8s avoir arpent\u00e9 les rues de Ch\u00e2tel et d\u00e9couvert la beaut\u00e9 de son patrimoine naturel (Super [&hellip;]<\/p>\n","protected":false},"author":12,"featured_media":0,"parent":0,"menu_order":0,"comment_status":"closed","ping_status":"closed","template":"","meta":{"inline_featured_image":false,"footnotes":""},"class_list":["post-691","page","type-page","status-publish","hentry"],"_links":{"self":[{"href":"https:\/\/www.hotelbelalp.com\/de\/wp-json\/wp\/v2\/pages\/691","targetHints":{"allow":["GET"]}}],"collection":[{"href":"https:\/\/www.hotelbelalp.com\/de\/wp-json\/wp\/v2\/pages"}],"about":[{"href":"https:\/\/www.hotelbelalp.com\/de\/wp-json\/wp\/v2\/types\/page"}],"author":[{"embeddable":true,"href":"https:\/\/www.hotelbelalp.com\/de\/wp-json\/wp\/v2\/users\/12"}],"replies":[{"embeddable":true,"href":"https:\/\/www.hotelbelalp.com\/de\/wp-json\/wp\/v2\/comments?post=691"}],"version-history":[{"count":52,"href":"https:\/\/www.hotelbelalp.com\/de\/wp-json\/wp\/v2\/pages\/691\/revisions"}],"predecessor-version":[{"id":2045,"href":"https:\/\/www.hotelbelalp.com\/de\/wp-json\/wp\/v2\/pages\/691\/revisions\/2045"}],"wp:attachment":[{"href":"https:\/\/www.hotelbelalp.com\/de\/wp-json\/wp\/v2\/media?parent=691"}],"curies":[{"name":"wp","href":"https:\/\/api.w.org\/{rel}","templated":true}]}}