{"id":686,"date":"2022-11-02T15:51:54","date_gmt":"2022-11-02T14:51:54","guid":{"rendered":"https:\/\/www.hotelbelalp.com\/?page_id=686"},"modified":"2022-11-21T16:37:07","modified_gmt":"2022-11-21T15:37:07","slug":"info-hotel-chatel","status":"publish","type":"page","link":"https:\/\/www.hotelbelalp.com\/en\/info-hotel-chatel\/","title":{"rendered":"More information"},"content":{"rendered":"<div data-elementor-type=\"wp-page\" data-elementor-id=\"686\" class=\"elementor elementor-686\" data-elementor-post-type=\"page\">\n\t\t\t\t\t\t<section class=\"elementor-section elementor-top-section elementor-element elementor-element-4a452258 elementor-section-full_width elementor-section-height-min-height elementor-section-content-middle elementor-section-height-default elementor-section-items-middle\" data-id=\"4a452258\" data-element_type=\"section\" data-e-type=\"section\" data-settings=\"{&quot;background_background&quot;:&quot;classic&quot;}\">\n\t\t\t\t\t\t<div class=\"elementor-container elementor-column-gap-default\">\n\t\t\t\t\t<div class=\"elementor-column elementor-col-100 elementor-top-column elementor-element elementor-element-2d09baed\" data-id=\"2d09baed\" data-element_type=\"column\" data-e-type=\"column\">\n\t\t\t<div class=\"elementor-widget-wrap\">\n\t\t\t\t\t\t\t<\/div>\n\t\t<\/div>\n\t\t\t\t\t<\/div>\n\t\t<\/section>\n\t\t\t\t<section class=\"elementor-section elementor-top-section elementor-element elementor-element-508ee5dc elementor-section-content-middle elementor-section-boxed elementor-section-height-default elementor-section-height-default\" data-id=\"508ee5dc\" data-element_type=\"section\" data-e-type=\"section\">\n\t\t\t\t\t\t<div class=\"elementor-container elementor-column-gap-default\">\n\t\t\t\t\t<div class=\"elementor-column elementor-col-100 elementor-top-column elementor-element elementor-element-42f77178\" data-id=\"42f77178\" data-element_type=\"column\" data-e-type=\"column\">\n\t\t\t<div class=\"elementor-widget-wrap elementor-element-populated\">\n\t\t\t\t\t\t<div class=\"elementor-element elementor-element-49a7b121 elementor-widget elementor-widget-heading\" data-id=\"49a7b121\" data-element_type=\"widget\" data-e-type=\"widget\" data-widget_type=\"heading.default\">\n\t\t\t\t<div class=\"elementor-widget-container\">\n\t\t\t\t\t<h2 class=\"elementor-heading-title elementor-size-default\">MORE INFORMATION ABOUT OUR HOTEL CHATEL\n<\/h2>\t\t\t\t<\/div>\n\t\t\t\t<\/div>\n\t\t\t\t<div class=\"elementor-element elementor-element-613d817e elementor-widget elementor-widget-text-editor\" data-id=\"613d817e\" data-element_type=\"widget\" data-e-type=\"widget\" data-widget_type=\"text-editor.default\">\n\t\t\t\t<div class=\"elementor-widget-container\">\n\t\t\t\t\t\t\t\t\t<p>WHAT TO DO DURING YOUR STAY IN OUR HOTEL ALPE D'HUEZ ?<\/p>\t\t\t\t\t\t\t\t<\/div>\n\t\t\t\t<\/div>\n\t\t\t\t\t<\/div>\n\t\t<\/div>\n\t\t\t\t\t<\/div>\n\t\t<\/section>\n\t\t\t\t<section class=\"elementor-section elementor-top-section elementor-element elementor-element-71e3163 elementor-section-content-middle elementor-section-boxed elementor-section-height-default elementor-section-height-default\" data-id=\"71e3163\" data-element_type=\"section\" data-e-type=\"section\">\n\t\t\t\t\t\t<div class=\"elementor-container elementor-column-gap-default\">\n\t\t\t\t\t<div class=\"elementor-column elementor-col-100 elementor-top-column elementor-element elementor-element-310fe1a\" data-id=\"310fe1a\" data-element_type=\"column\" data-e-type=\"column\">\n\t\t\t<div class=\"elementor-widget-wrap elementor-element-populated\">\n\t\t\t\t\t\t<div class=\"elementor-element elementor-element-cd6b5cc elementor-widget elementor-widget-text-editor\" data-id=\"cd6b5cc\" data-element_type=\"widget\" data-e-type=\"widget\" data-widget_type=\"text-editor.default\">\n\t\t\t\t<div class=\"elementor-widget-container\">\n\t\t\t\t\t\t\t\t\t<p>Whether it's to hit the ski slopes in winter, or to walk our beautiful mountains in summer, Chatel is renowned for its warm welcome to tourists. Many come for the winter and summer sports, but also to relax in this natural paradise. What better way to invigorate yourself than in the clean air? What better way to relax than in a majestic landscape? Between mountains, lakes and purity, Chatel is ready to welcome you... But our hotel is even more ready! Let us give you more information about our hotel Chatel !<\/p><p>You will be able to discover: the location of our hotel, what our hotel has to offer, what you can find near our hotel and also the wide range of hikes that we offer!<\/p>\t\t\t\t\t\t\t\t<\/div>\n\t\t\t\t<\/div>\n\t\t\t\t<div class=\"elementor-element elementor-element-3601991 elementor-widget elementor-widget-heading\" data-id=\"3601991\" data-element_type=\"widget\" data-e-type=\"widget\" data-widget_type=\"heading.default\">\n\t\t\t\t<div class=\"elementor-widget-container\">\n\t\t\t\t\t<h2 class=\"elementor-heading-title elementor-size-default\">WHERE IS OUR HOTEL CHATEL LOCATED?<\/h2>\t\t\t\t<\/div>\n\t\t\t\t<\/div>\n\t\t\t\t<div class=\"elementor-element elementor-element-2659768 elementor-widget elementor-widget-text-editor\" data-id=\"2659768\" data-element_type=\"widget\" data-e-type=\"widget\" data-widget_type=\"text-editor.default\">\n\t\t\t\t<div class=\"elementor-widget-container\">\n\t\t\t\t\t\t\t\t\t<p>Our hotel is located <a href=\"https:\/\/www.hotelbelalp.com\/en\/3-star-hotel-chatel-contact\/\">382 route de Vonnes (74390) in Chatel<\/a> ! It is simply located in the heart of our village of just over 1200 inhabitants.<\/p>\t\t\t\t\t\t\t\t<\/div>\n\t\t\t\t<\/div>\n\t\t\t\t<div class=\"elementor-element elementor-element-048d747 elementor-widget elementor-widget-heading\" data-id=\"048d747\" data-element_type=\"widget\" data-e-type=\"widget\" data-widget_type=\"heading.default\">\n\t\t\t\t<div class=\"elementor-widget-container\">\n\t\t\t\t\t<h2 class=\"elementor-heading-title elementor-size-default\">WHAT DOES OUR HOTEL CHATEL OFFER?<\/h2>\t\t\t\t<\/div>\n\t\t\t\t<\/div>\n\t\t\t\t<div class=\"elementor-element elementor-element-0e6ea02 elementor-widget elementor-widget-text-editor\" data-id=\"0e6ea02\" data-element_type=\"widget\" data-e-type=\"widget\" data-widget_type=\"text-editor.default\">\n\t\t\t\t<div class=\"elementor-widget-container\">\n\t\t\t\t\t\t\t\t\t<p>We want our customers to be completely comfortable. That is why we have set up a <a href=\"https:\/\/www.hotelbelalp.com\/en\/hotel-spa-portes-du-soleil\/\">sumptuous spa<\/a> in our Chatel hotel so that you can relax after your sporting day! Yes, after a day of skiing or hiking, the only thing you want is to relax. The spa is there for that!<\/p><p>In addition we offer <a href=\"https:\/\/www.hotelbelalp.com\/en\/charming-hotel-chatel\/\">25 rooms<\/a>All rooms are served by a lift. So whether you are alone, with friends or family, our hotel is ready to accommodate you and show you the art of living in mountain chalets. Of course, WiFi and parking are free!<\/p><p>Which room will you choose? A single room? A double room? Panoramic? Street view ? Duplex ? You will find the best guaranteed rates in our <a href=\"https:\/\/www.hotelbelalp.com\/en\/\">Chatel Hotel<\/a> !<\/p>\t\t\t\t\t\t\t\t<\/div>\n\t\t\t\t<\/div>\n\t\t\t\t<div class=\"elementor-element elementor-element-01fd39f elementor-widget elementor-widget-heading\" data-id=\"01fd39f\" data-element_type=\"widget\" data-e-type=\"widget\" data-widget_type=\"heading.default\">\n\t\t\t\t<div class=\"elementor-widget-container\">\n\t\t\t\t\t<h2 class=\"elementor-heading-title elementor-size-default\">WHAT TO FIND NEAR THE HOTEL CHATEL?<\/h2>\t\t\t\t<\/div>\n\t\t\t\t<\/div>\n\t\t\t\t<div class=\"elementor-element elementor-element-d5c7ad1 elementor-widget elementor-widget-text-editor\" data-id=\"d5c7ad1\" data-element_type=\"widget\" data-e-type=\"widget\" data-widget_type=\"text-editor.default\">\n\t\t\t\t<div class=\"elementor-widget-container\">\n\t\t\t\t\t\t\t\t\t<p>There are plenty of things to do in the vicinity of the hotel! First of all, how about visiting the beautiful streets of Chatel? The <a href=\"https:\/\/www.hotelbelalp.com\/en\/village-chatel-haute-savoie\/\">natural heritage of Chatel<\/a> is of great beauty! Just look at the Lac de Vonnes or the Col de Bassachaux. In winter, in the Chablais alpine massif, this traditional resort will enchant you by its grandiose site, in the heart of the superb Abondance valley, facing the Mont de Grange (2433 m). A few kilometres further on, you will find the magnificent Lake Geneva, which is no less than the largest freshwater lake in Europe!<\/p>\t\t\t\t\t\t\t\t<\/div>\n\t\t\t\t<\/div>\n\t\t\t\t<div class=\"elementor-element elementor-element-892dcb2 elementor-widget elementor-widget-heading\" data-id=\"892dcb2\" data-element_type=\"widget\" data-e-type=\"widget\" data-widget_type=\"heading.default\">\n\t\t\t\t<div class=\"elementor-widget-container\">\n\t\t\t\t\t<h3 class=\"elementor-heading-title elementor-size-default\">What about the walks from our hotel Chatel?<\/h3>\t\t\t\t<\/div>\n\t\t\t\t<\/div>\n\t\t\t\t<div class=\"elementor-element elementor-element-5e891ce elementor-widget elementor-widget-text-editor\" data-id=\"5e891ce\" data-element_type=\"widget\" data-e-type=\"widget\" data-widget_type=\"text-editor.default\">\n\t\t\t\t<div class=\"elementor-widget-container\">\n\t\t\t\t\t\t\t\t\t<p>Our hotel Chatel offers you a <a href=\"https:\/\/www.hotelbelalp.com\/en\/activities\/\">hiking in the heart of a Natura 2000 site<\/a>. The Abondance valley offers a multitude of paths for hikers! Whether you go by bike, by ski lift or on foot, you will fall in love with the wonderful flora of our region!<\/p><p>We hope to have been able to inform you about our hotel Chatel and to be able to welcome you very soon! We look forward to seeing you in our beautiful region!<\/p>\t\t\t\t\t\t\t\t<\/div>\n\t\t\t\t<\/div>\n\t\t\t\t\t<\/div>\n\t\t<\/div>\n\t\t\t\t\t<\/div>\n\t\t<\/section>\n\t\t\t\t<\/div>","protected":false},"excerpt":{"rendered":"<p>PLUS D&rsquo;INFORMATIONS SUR NOTRE H\u00d4TEL CHATEL QUE FAIRE LORS DE VOTRE S\u00c9JOUR DANS NOTRE HOTEL ALPE D&rsquo;HUEZ ? Que ce soit pour sillonner les pistes de ski en hiver, ou pour arpenter nos belles montagnes en \u00e9t\u00e9, Chatel est r\u00e9put\u00e9 pour son accueil chaleureux des touristes. Beaucoup viennent pour les sports d\u2019hiver et d\u2019\u00e9t\u00e9, mais [&hellip;]<\/p>\n","protected":false},"author":12,"featured_media":0,"parent":0,"menu_order":0,"comment_status":"closed","ping_status":"closed","template":"","meta":{"inline_featured_image":false,"footnotes":""},"class_list":["post-686","page","type-page","status-publish","hentry"],"_links":{"self":[{"href":"https:\/\/www.hotelbelalp.com\/en\/wp-json\/wp\/v2\/pages\/686","targetHints":{"allow":["GET"]}}],"collection":[{"href":"https:\/\/www.hotelbelalp.com\/en\/wp-json\/wp\/v2\/pages"}],"about":[{"href":"https:\/\/www.hotelbelalp.com\/en\/wp-json\/wp\/v2\/types\/page"}],"author":[{"embeddable":true,"href":"https:\/\/www.hotelbelalp.com\/en\/wp-json\/wp\/v2\/users\/12"}],"replies":[{"embeddable":true,"href":"https:\/\/www.hotelbelalp.com\/en\/wp-json\/wp\/v2\/comments?post=686"}],"version-history":[{"count":19,"href":"https:\/\/www.hotelbelalp.com\/en\/wp-json\/wp\/v2\/pages\/686\/revisions"}],"predecessor-version":[{"id":1130,"href":"https:\/\/www.hotelbelalp.com\/en\/wp-json\/wp\/v2\/pages\/686\/revisions\/1130"}],"wp:attachment":[{"href":"https:\/\/www.hotelbelalp.com\/en\/wp-json\/wp\/v2\/media?parent=686"}],"curies":[{"name":"wp","href":"https:\/\/api.w.org\/{rel}","templated":true}]}}